{"id":103,"date":"2017-06-01T20:48:30","date_gmt":"2017-06-01T18:48:30","guid":{"rendered":"http:\/\/jurahof.at\/cms\/?page_id=103"},"modified":"2024-12-08T21:13:12","modified_gmt":"2024-12-08T20:13:12","slug":"schafhandel","status":"publish","type":"page","link":"http:\/\/jurahof.at\/cms\/schafhandel\/","title":{"rendered":"Juraschafe kaufen"},"content":{"rendered":"<figure id=\"attachment_616\" aria-describedby=\"caption-attachment-616\" style=\"width: 300px\" class=\"wp-caption alignright\"><a data-lightbox-gallery=\"boxersandswipers\" href=\"http:\/\/jurahof.at\/cms\/wp-content\/uploads\/Weibliche-Nachtzuchtl\u00e4mmer.jpg\"><img loading=\"lazy\" decoding=\"async\" class=\"wp-image-616 size-medium\" src=\"http:\/\/jurahof.at\/cms\/wp-content\/uploads\/Weibliche-Nachtzuchtl\u00e4mmer-300x225.jpg\" alt=\"Weibliche Nachtzuchtl\u00e4mmer\" width=\"300\" height=\"225\" srcset=\"http:\/\/jurahof.at\/cms\/wp-content\/uploads\/Weibliche-Nachtzuchtl\u00e4mmer-300x225.jpg 300w, http:\/\/jurahof.at\/cms\/wp-content\/uploads\/Weibliche-Nachtzuchtl\u00e4mmer-768x576.jpg 768w, http:\/\/jurahof.at\/cms\/wp-content\/uploads\/Weibliche-Nachtzuchtl\u00e4mmer-1024x768.jpg 1024w, http:\/\/jurahof.at\/cms\/wp-content\/uploads\/Weibliche-Nachtzuchtl\u00e4mmer.jpg 1599w\" sizes=\"auto, (max-width: 300px) 100vw, 300px\" \/><\/a><figcaption id=\"caption-attachment-616\" class=\"wp-caption-text\">Weibliche Nachtzuchtl\u00e4mmer<\/figcaption><\/figure>\n<p>Zum Verkauf stehen biologische Herdebuch-Zuchttiere sowie Mastl\u00e4mmer. Die \u00f6sterreichweite Nachfrage nach Zuchtschafen der Rasse Juraschaf floriert gut.<\/p>\n<p>Unser regelm\u00e4\u00dfiges Angebot an Zuchttieren:<\/p>\n<ul>\n<li>Jungwidder (auf Wunsch gek\u00f6rt) im Alter zwischen 10 und 18 Monaten.<\/li>\n<li>Weibliche Zuchttiere ab einem Alter von 4-6 Monaten.<\/li>\n<li>Weibliche Juraschafe<\/li>\n<\/ul>\n<p>Da wir nur die besten Jural\u00e4mmer f\u00fcr die Zucht ausw\u00e4hlen haben wir auch eine Gruppe mit Mastl\u00e4mmern. Auf Anfrage stehen auch diese zum Verkauf zur Verf\u00fcgung.<\/p>\n<p><iframe loading=\"lazy\" src=\"https:\/\/www.youtube.com\/embed\/gCZzRJZ-fas\" width=\"660\" height=\"480\" frameborder=\"0\" allowfullscreen=\"allowfullscreen\"><\/iframe><\/p>\n<p>Verkaufte Jurawidder aus eigener Aufzucht.<\/p>\n<p>&nbsp;<\/p>\n<p>Bei Interesse wenden Sie sich einfach telefonisch oder per <a href=\"mailto:grabnerhw@gmail.com\">E-Mail<\/a> an uns.<\/p>\n<ul>\n<li>Festnetz: <i>+43 (0) 7564 \/ 549 26<\/i><\/li>\n<li>Mobil: <i>+43 (0) 699 \/ 138 160 45<\/i><\/li>\n<\/ul>\n<p>Unsere Herde, Zuchtwidder und Philosophie der Schafzucht ist unter <a href=\"\/cms\/herdebuchzucht\/\">Herdebuchzucht<\/a> genauer beschrieben<\/p>\n","protected":false},"excerpt":{"rendered":"<p>Zum Verkauf stehen biologische Herdebuch-Zuchttiere sowie Mastl\u00e4mmer. Die \u00f6sterreichweite Nachfrage nach Zuchtschafen der Rasse Juraschaf floriert gut. Unser regelm\u00e4\u00dfiges Angebot an Zuchttieren: Jungwidder (auf Wunsch gek\u00f6rt) im Alter zwischen 10 und 18 Monaten. Weibliche Zuchttiere ab einem Alter von 4-6 Monaten. Weibliche Juraschafe Da wir nur die besten Jural\u00e4mmer f\u00fcr die Zucht ausw\u00e4hlen haben wir [&hellip;]<\/p>\n","protected":false},"author":1,"featured_media":0,"parent":0,"menu_order":0,"comment_status":"closed","ping_status":"closed","template":"","meta":{"footnotes":""},"class_list":["post-103","page","type-page","status-publish","sq-hentry"],"_links":{"self":[{"href":"http:\/\/jurahof.at\/cms\/wp-json\/wp\/v2\/pages\/103","targetHints":{"allow":["GET"]}}],"collection":[{"href":"http:\/\/jurahof.at\/cms\/wp-json\/wp\/v2\/pages"}],"about":[{"href":"http:\/\/jurahof.at\/cms\/wp-json\/wp\/v2\/types\/page"}],"author":[{"embeddable":true,"href":"http:\/\/jurahof.at\/cms\/wp-json\/wp\/v2\/users\/1"}],"replies":[{"embeddable":true,"href":"http:\/\/jurahof.at\/cms\/wp-json\/wp\/v2\/comments?post=103"}],"version-history":[{"count":41,"href":"http:\/\/jurahof.at\/cms\/wp-json\/wp\/v2\/pages\/103\/revisions"}],"predecessor-version":[{"id":617,"href":"http:\/\/jurahof.at\/cms\/wp-json\/wp\/v2\/pages\/103\/revisions\/617"}],"wp:attachment":[{"href":"http:\/\/jurahof.at\/cms\/wp-json\/wp\/v2\/media?parent=103"}],"curies":[{"name":"wp","href":"https:\/\/api.w.org\/{rel}","templated":true}]}}