{"id":124,"date":"2017-10-22T10:54:57","date_gmt":"2017-10-22T08:54:57","guid":{"rendered":"http:\/\/jurahof.at\/cms\/?page_id=124"},"modified":"2024-12-08T21:16:33","modified_gmt":"2024-12-08T20:16:33","slug":"herdebuchzucht","status":"publish","type":"page","link":"http:\/\/jurahof.at\/cms\/herdebuchzucht\/","title":{"rendered":"Herdebuchzucht"},"content":{"rendered":"<p>Unsere Herdebuchzucht besteht aus zwei Juraschafherden, wobei die Widder Strolchi (1a,G2) und Noel2 (1b,G1) zum Einsatz kommen.<\/p>\n<hr \/>\n<p>Unseren neuen Widder Noel2; G1 (ARR\/ARR), 1b gek\u00f6rt; haben wir vom erfahrenen Z\u00fcchter Ebner Josef gekauft. Er stammt aus einer komplett neuen Zuchtlinie in \u00d6sterreich. Noel2 ist einer der ersten Enkels\u00f6hne von dem Schweizer Zuchtwidder Navaro, G1. Wir legten besonderen Wert auf Fitness (Mutter FIT 119), Mutterleistung, Exterieur (7\/8\/7\/7\/7,B:8,1b), Zuchtwert-Fleisch (ZW-Fleisch 112-100-97) und Genotypisierung. Schafe mit Genotyp ARR\/ARR (G1) sind extrem resistent gegen\u00fcber der Krankheit Scrapie, G2 Tiere haben ein geringes Risiko zu erkranken. Scrapie, auch Traberkrankheit genannt, geh\u00f6rt zur selben Krankheitsgruppe wie BSE bei Rindern.<\/p>\n<figure id=\"attachment_608\" aria-describedby=\"caption-attachment-608\" style=\"width: 300px\" class=\"wp-caption alignleft\"><a data-lightbox-gallery=\"boxersandswipers\" href=\"http:\/\/jurahof.at\/cms\/wp-content\/uploads\/Noel_WA.jpg\"><img loading=\"lazy\" decoding=\"async\" class=\"size-medium wp-image-608\" src=\"http:\/\/jurahof.at\/cms\/wp-content\/uploads\/Noel_WA-300x225.jpg\" alt=\"Zuchtwidder Noel 1b, G1\" width=\"300\" height=\"225\" srcset=\"http:\/\/jurahof.at\/cms\/wp-content\/uploads\/Noel_WA-300x225.jpg 300w, http:\/\/jurahof.at\/cms\/wp-content\/uploads\/Noel_WA-768x576.jpg 768w, http:\/\/jurahof.at\/cms\/wp-content\/uploads\/Noel_WA-1024x767.jpg 1024w, http:\/\/jurahof.at\/cms\/wp-content\/uploads\/Noel_WA.jpg 1600w\" sizes=\"auto, (max-width: 300px) 100vw, 300px\" \/><\/a><figcaption id=\"caption-attachment-608\" class=\"wp-caption-text\">Zuchtwidder Noel 1b, G1<\/figcaption><\/figure>\n<p>&nbsp;<\/p>\n<p>&nbsp;<\/p>\n<p>&nbsp;<\/p>\n<p>&nbsp;<\/p>\n<p>&nbsp;<\/p>\n<p>&nbsp;<\/p>\n<p>&nbsp;<\/p>\n<hr \/>\n<p>Mit unseren zweiten Schafwidder Strolchi (1a gek\u00f6rt, G2) sind wir seit vielen Jahren sehr zufrieden. Wir bekommen fast ausnahmslos gesunde, vitale und fleischige L\u00e4mmer. Die Zwischenlammzeiten sind sehr kurz und wir haben viele Zwillingsgeburten. Auch die Fruchtbarkeit und Fitness der T\u00f6chter ist hervorragend.<\/p>\n<figure id=\"attachment_168\" aria-describedby=\"caption-attachment-168\" style=\"width: 300px\" class=\"wp-caption alignnone\"><a data-lightbox-gallery=\"boxersandswipers\" title=\"Herde mit Zuchtwidder Strolchi 1a\" href=\"http:\/\/jurahof.at\/cms\/wp-content\/uploads\/Nachzuchtherde.jpg\"><img loading=\"lazy\" decoding=\"async\" class=\"size-medium wp-image-168\" src=\"http:\/\/jurahof.at\/cms\/wp-content\/uploads\/Nachzuchtherde-300x200.jpg\" alt=\"Herde mit Zuchtwidder Strolchi 1a\" width=\"300\" height=\"200\" srcset=\"http:\/\/jurahof.at\/cms\/wp-content\/uploads\/Nachzuchtherde-300x200.jpg 300w, http:\/\/jurahof.at\/cms\/wp-content\/uploads\/Nachzuchtherde-768x512.jpg 768w, http:\/\/jurahof.at\/cms\/wp-content\/uploads\/Nachzuchtherde.jpg 825w\" sizes=\"auto, (max-width: 300px) 100vw, 300px\" \/><\/a><figcaption id=\"caption-attachment-168\" class=\"wp-caption-text\">Zuchtgruppe Strolchi<\/figcaption><\/figure>\n<figure id=\"attachment_380\" aria-describedby=\"caption-attachment-380\" style=\"width: 300px\" class=\"wp-caption alignleft\"><a data-lightbox-gallery=\"boxersandswipers\" href=\"http:\/\/jurahof.at\/cms\/wp-content\/uploads\/Schafbock-Strolchi-1A.jpeg\"><img loading=\"lazy\" decoding=\"async\" class=\"size-medium wp-image-380\" src=\"http:\/\/jurahof.at\/cms\/wp-content\/uploads\/Schafbock-Strolchi-1A-300x225.jpeg\" alt=\"\" width=\"300\" height=\"225\" \/><\/a><figcaption id=\"caption-attachment-380\" class=\"wp-caption-text\">Schafwidder Strolchi 1a<\/figcaption><\/figure>\n<p>&nbsp;<\/p>\n<p>&nbsp;<\/p>\n<p>&nbsp;<\/p>\n<p>&nbsp;<\/p>\n<p>&nbsp;<\/p>\n<p>&nbsp;<\/p>\n<p>&nbsp;<\/p>\n<hr \/>\n<p>Unsere Mutterschafe kommen gro\u00dfteils aus eigener Nachtzucht und werden mit Zuchtl\u00e4mmern von erfolgreichen Z\u00fcchtern erg\u00e4nzt. Derzeit haben wir circa 40 Mutterschafe.<\/p>\n<hr \/>\n<p>Unsere Philosophie in der Schafzucht:<\/p>\n<ul>\n<li>Die Nat\u00fcrlichkeit und St\u00e4rken des robusten Juraschafes hervorheben.<\/li>\n<li>Juraschafe als idealen und problemlosen Gr\u00fcnlandnutzer f\u00f6rdern.<\/li>\n<\/ul>\n<p>Unsere Zuchtschafe sowie auch die Jungtiere verbringen einen Gro\u00dfteil der Zeit von Fr\u00fchling bis Herbst auf der Weide. Bei Schlechtwetterperioden und geringer Weidefutterqualit\u00e4t werden die Juraschafe zus\u00e4tzlich im Stall versorgt. Unsere Zuchtwidder sind dadurch sehr robust (keine Getreidemast) und k\u00f6nnen auch beim Deckeinsatz und beim Almauftrieb ihr Gewicht halten.<\/p>\n","protected":false},"excerpt":{"rendered":"<p>Unsere Herdebuchzucht besteht aus zwei Juraschafherden, wobei die Widder Strolchi (1a,G2) und Noel2 (1b,G1) zum Einsatz kommen. Unseren neuen Widder Noel2; G1 (ARR\/ARR), 1b gek\u00f6rt; haben wir vom erfahrenen Z\u00fcchter Ebner Josef gekauft. Er stammt aus einer komplett neuen Zuchtlinie in \u00d6sterreich. Noel2 ist einer der ersten Enkels\u00f6hne von dem Schweizer Zuchtwidder Navaro, G1. Wir [&hellip;]<\/p>\n","protected":false},"author":1,"featured_media":0,"parent":0,"menu_order":0,"comment_status":"closed","ping_status":"closed","template":"","meta":{"footnotes":""},"class_list":["post-124","page","type-page","status-publish","sq-hentry"],"_links":{"self":[{"href":"http:\/\/jurahof.at\/cms\/wp-json\/wp\/v2\/pages\/124","targetHints":{"allow":["GET"]}}],"collection":[{"href":"http:\/\/jurahof.at\/cms\/wp-json\/wp\/v2\/pages"}],"about":[{"href":"http:\/\/jurahof.at\/cms\/wp-json\/wp\/v2\/types\/page"}],"author":[{"embeddable":true,"href":"http:\/\/jurahof.at\/cms\/wp-json\/wp\/v2\/users\/1"}],"replies":[{"embeddable":true,"href":"http:\/\/jurahof.at\/cms\/wp-json\/wp\/v2\/comments?post=124"}],"version-history":[{"count":55,"href":"http:\/\/jurahof.at\/cms\/wp-json\/wp\/v2\/pages\/124\/revisions"}],"predecessor-version":[{"id":620,"href":"http:\/\/jurahof.at\/cms\/wp-json\/wp\/v2\/pages\/124\/revisions\/620"}],"wp:attachment":[{"href":"http:\/\/jurahof.at\/cms\/wp-json\/wp\/v2\/media?parent=124"}],"curies":[{"name":"wp","href":"https:\/\/api.w.org\/{rel}","templated":true}]}}